{"id":5,"date":"2023-12-06T18:46:36","date_gmt":"2023-12-06T17:46:36","guid":{"rendered":"https:\/\/esthetiquekm.com\/?page_id=5"},"modified":"2024-09-22T14:59:23","modified_gmt":"2024-09-22T12:59:23","slug":"accueil","status":"publish","type":"page","link":"https:\/\/esthetiquekm.com\/","title":{"rendered":"Institut Kristina Meyer"},"content":{"rendered":"\n<p>Bienvenue dans notre institut de beaut\u00e9.<\/p>\n\n\n\n<h2 class=\"wp-block-heading has-large-font-size\">Rencontrez nos membres d&rsquo;\u00e9quipe exp\u00e9riment\u00e9s<\/h2>\n\n\n\n<p>Notre \u00e9quipe, forte d&rsquo;une exp\u00e9rience professionnelle d&rsquo;une dizaine d&rsquo;ann\u00e9e, vous accompagnera dans ce moment de bien-\u00eatre, pour vous sentir confiante et pleine d&rsquo;\u00e9nergie<\/p>\n\n\n\n<p><\/p>\n\n\n\n<h2 class=\"wp-block-heading has-large-font-size\">Une gamme de produits de beaut\u00e9 adapt\u00e9s \u00e0 votre peau<\/h2>\n\n\n\n<p class=\"has-medium-font-size\"><strong>ENDOSPHERES<\/strong><\/p>\n\n\n\n<p>La m\u00e9thode<em>\u00a0<strong>Endospheres\u00ae<\/strong>\u00a0<\/em>est bas\u00e9e sur la technologie brevet\u00e9e de\u00a0<em>Microvibration Compressive<\/em>\u00a0et est rapidement devenue synonyme de garantie dans le traitement des imperfections du corps et du visage. Le traitement peut en effet \u00eatre effectu\u00e9 sur toutes les zones du corps, m\u00eame celles qui sont habituellement plus difficiles \u00e0 atteindre, et\u00a0<strong><mark>ne pr\u00e9sente aucune contre-indication.<\/mark><\/strong><\/p>\n\n\n\n<p>C\u2019est le soin du visage par excellence. Le dispositif, con\u00e7u de mani\u00e8re ergonomique pour l\u2019op\u00e9rateur, suit chaque courbe du visage du patient, d\u00e9gageant une profonde sensation de bien-\u00eatre.<\/p>\n\n\n\n<p>Le soin comprend trois phases de traitement qui travaillent ensemble vers un rajeunissement complet du visage. Le traitement agit sous la peau pour assurer tonicit\u00e9, \u00e9lasticit\u00e9 et forme, mais aussi en surface pour unifier le teint, lutter contre les cernes et r\u00e9duire les poches sous les yeux.<\/p>\n\n\n\n<p class=\"has-medium-font-size\"><strong>SKIN CEUTICALS<\/strong><\/p>\n\n\n\n<p><em>Skin Ceuticals\u00ae<\/em>&nbsp;est la marque n<sup>o<\/sup>&nbsp;1 am\u00e9ricaine sp\u00e9cialis\u00e9e de l\u2019anti-\u00e2ge, reconnue mondialement, dont les formules \u00ab haute efficacit\u00e9 \u00bb sont recommand\u00e9es par des dermatologues et chirurgiens esth\u00e9tiques.<\/p>\n\n\n\n<p>Issues de d\u00e9cennies de recherche sur le cancer de la peau qui ont conduits \u00e0 des perc\u00e9es d\u00e9cisives dans le domaine des antioxydants, leurs formules puissantes sont concentr\u00e9es en actifs purs et test\u00e9es pour p\u00e9n\u00e9trer de mani\u00e8re optimale dans la peau.<\/p>\n\n\n\n<p>Formul\u00e9s aux \u00c9tats-Unis et produits pour la majeure partie en France, ces soins sont utilis\u00e9s par des dermatologues, des chirurgiens platiques et notre institut sp\u00e9cialis\u00e9 dans le cadre de protocoles dermo-cosm\u00e9tiques et en compl\u00e9ment de proc\u00e9dures esth\u00e9tiques. Nous formulons nos soins pour corriger les signes du veillissement, prot\u00e9ger la peau et pr\u00e9venir les futurs dommages li\u00e9s aux agressions ext\u00e9rieures.<\/p>\n\n\n\n<p class=\"has-large-font-size\"><strong>Une technologie performante pour l&#8217;embellissement de votre silhouette<\/strong><\/p>\n\n\n\n<p class=\"has-medium-font-size\"><strong>ENDOSPHERES THERAPY<\/strong><\/p>\n\n\n\n<p><em><strong>Endospheres Therapy\u00ae<\/strong>&nbsp;<\/em>pour un traitement global pour le corps de toute derni\u00e8re g\u00e9n\u00e9ration qui permet d\u2019intervenir sur le corps entier, des pieds au cou, du front au ventre, des fessiers aux bras pour exalter votre beaut\u00e9 naturelle ! Compos\u00e9 d\u2019actif minceur, anticellulite, remodelage, raffermissement, tonification\u2026.<\/p>\n\n\n\n<p><strong><em>Endospheres Therapy<\/em><\/strong>\u00ae est une technologie cliniquement test\u00e9e, qui a fait l\u2019objet d\u2019\u00e9tudes universitaires et m\u00e9dicales. Ce traitement r\u00e9pond \u00e0 un protocole scientifique pr\u00e9cis qui d\u00e9taille toutes les man\u0153uvres n\u00e9cessaires et qui doit \u00eatre imp\u00e9rativement respect\u00e9. Pour devenir op\u00e9rateur Endospheres, notre personnel a suivi une formation th\u00e9orique et pratique obligatoire, au terme de laquelle l\u2019op\u00e9rateur a obtenu une certification attestant de sa comp\u00e9tence et de sa pr\u00e9paration.<\/p>\n\n\n\n<ul class=\"wp-block-list\">\n<li>Lisser la cellulite<\/li>\n\n\n\n<li>Remodeler le corps<\/li>\n\n\n\n<li>Ralentir le viellissement cutan\u00e9<\/li>\n\n\n\n<li>Tonifie les tissus<\/li>\n\n\n\n<li>Apaise les douleurs musculaires<\/li>\n\n\n\n<li>Am\u00e9liore la circulation<\/li>\n\n\n\n<li>Combat la sensation de jambes lourdes<\/li>\n\n\n\n<li>Action m\u00e9tabolique<\/li>\n<\/ul>\n\n\n\n<p>Par son action vasodilatatrice,&nbsp;<strong><em>Endospheres\u00ae<\/em><\/strong>&nbsp;optimise la microcirculation, am\u00e9liorant la distribution du sang et des nutriments dans les tissus. Cela permet de d\u00e9finir l\u2019aspect de la peau, de r\u00e9duire la cellulite et de favoriser une r\u00e9cup\u00e9ration musculaire plus efficace.<\/p>\n\n\n\n<p>La disposition unique des sph\u00e8res en nid d\u2019abeille permet une compression progressive des tissus, simulant une sorte de gymnastique vasculaire capable de r\u00e9tablir la circulation sanguine.<\/p>\n\n\n\n<p>Gr\u00e2ce \u00e0 la vibration puls\u00e9e et rythm\u00e9e des sph\u00e8res,&nbsp;<strong><em>Endospheres\u00ae<\/em><\/strong>&nbsp;exerce une action vasodilatatrice qui am\u00e9liore la circulation et hydrate les tissus, en r\u00e9habilitant les vaisseaux sanguins \u00e0 leurs fonctions physiologiques, en r\u00e9tablissant les \u00e9changes m\u00e9taboliques et en favorisant une meilleure microcirculation.<\/p>\n","protected":false},"excerpt":{"rendered":"<p>Bienvenue dans notre institut de beaut\u00e9. Rencontrez nos membres d&rsquo;\u00e9quipe exp\u00e9riment\u00e9s Notre \u00e9quipe, forte d&rsquo;une exp\u00e9rience professionnelle d&rsquo;une dizaine d&rsquo;ann\u00e9e, vous accompagnera dans ce moment de bien-\u00eatre, pour vous sentir &hellip; <\/p>\n","protected":false},"author":1,"featured_media":0,"parent":0,"menu_order":0,"comment_status":"closed","ping_status":"closed","template":"","meta":{"_monsterinsights_skip_tracking":false,"_monsterinsights_sitenote_active":false,"_monsterinsights_sitenote_note":"","_monsterinsights_sitenote_category":0,"_uf_show_specific_survey":0,"_uf_disable_surveys":false,"footnotes":""},"class_list":["post-5","page","type-page","status-publish","hentry"],"aioseo_notices":[],"_links":{"self":[{"href":"https:\/\/esthetiquekm.com\/index.php\/wp-json\/wp\/v2\/pages\/5","targetHints":{"allow":["GET"]}}],"collection":[{"href":"https:\/\/esthetiquekm.com\/index.php\/wp-json\/wp\/v2\/pages"}],"about":[{"href":"https:\/\/esthetiquekm.com\/index.php\/wp-json\/wp\/v2\/types\/page"}],"author":[{"embeddable":true,"href":"https:\/\/esthetiquekm.com\/index.php\/wp-json\/wp\/v2\/users\/1"}],"replies":[{"embeddable":true,"href":"https:\/\/esthetiquekm.com\/index.php\/wp-json\/wp\/v2\/comments?post=5"}],"version-history":[{"count":5,"href":"https:\/\/esthetiquekm.com\/index.php\/wp-json\/wp\/v2\/pages\/5\/revisions"}],"predecessor-version":[{"id":455,"href":"https:\/\/esthetiquekm.com\/index.php\/wp-json\/wp\/v2\/pages\/5\/revisions\/455"}],"wp:attachment":[{"href":"https:\/\/esthetiquekm.com\/index.php\/wp-json\/wp\/v2\/media?parent=5"}],"curies":[{"name":"wp","href":"https:\/\/api.w.org\/{rel}","templated":true}]}}