{"id":396,"date":"2024-01-28T18:40:12","date_gmt":"2024-01-28T17:40:12","guid":{"rendered":"https:\/\/esthetiquekm.com\/?page_id=396"},"modified":"2025-09-27T11:27:32","modified_gmt":"2025-09-27T09:27:32","slug":"endospheres-therapy-body","status":"publish","type":"page","link":"https:\/\/esthetiquekm.com\/index.php\/endospheres-therapy-body\/","title":{"rendered":"Endospheres Therapy Body"},"content":{"rendered":"\n<p>La m\u00e9thode<em>&nbsp;<strong>Endospheres\u00ae<\/strong>&nbsp;<\/em>est bas\u00e9e sur la technologie brevet\u00e9e de&nbsp;<em>Microvibration Compressive<\/em>&nbsp;et est rapidement devenue synonyme de garantie dans le traitement des imperfections du corps et du visage. Le traitement peut en effet \u00eatre effectu\u00e9 sur toutes les zones du corps, m\u00eame celles qui sont habituellement plus difficiles \u00e0 atteindre, et&nbsp;<strong><mark style=\"background-color:rgba(0, 0, 0, 0);color:#3f856c\" class=\"has-inline-color\">ne pr\u00e9sente aucune contre-indication.<\/mark><\/strong><\/p>\n\n\n\n<div class=\"wp-block-group is-content-justification-center is-nowrap is-layout-flex wp-container-core-group-is-layout-94bc23d7 wp-block-group-is-layout-flex\">\n<figure class=\"wp-block-image size-full is-resized\"><img loading=\"lazy\" decoding=\"async\" width=\"750\" height=\"422\" src=\"https:\/\/esthetiquekm.com\/wp-content\/uploads\/2024\/01\/Endospheres_Rouleaux-jambes-01.jpg\" alt=\"\" class=\"wp-image-413\" style=\"width:391px;height:auto\" srcset=\"https:\/\/esthetiquekm.com\/wp-content\/uploads\/2024\/01\/Endospheres_Rouleaux-jambes-01.jpg 750w, https:\/\/esthetiquekm.com\/wp-content\/uploads\/2024\/01\/Endospheres_Rouleaux-jambes-01-300x169.jpg 300w, https:\/\/esthetiquekm.com\/wp-content\/uploads\/2024\/01\/Endospheres_Rouleaux-jambes-01-107x60.jpg 107w\" sizes=\"auto, (max-width: 750px) 100vw, 750px\" \/><\/figure>\n\n\n\n<figure class=\"wp-block-image size-full is-resized\"><img loading=\"lazy\" decoding=\"async\" width=\"640\" height=\"426\" src=\"https:\/\/esthetiquekm.com\/wp-content\/uploads\/2024\/01\/Endospheres_Rouleaux-jambes-02.jpg\" alt=\"\" class=\"wp-image-414\" style=\"width:329px;height:auto\" srcset=\"https:\/\/esthetiquekm.com\/wp-content\/uploads\/2024\/01\/Endospheres_Rouleaux-jambes-02.jpg 640w, https:\/\/esthetiquekm.com\/wp-content\/uploads\/2024\/01\/Endospheres_Rouleaux-jambes-02-300x200.jpg 300w, https:\/\/esthetiquekm.com\/wp-content\/uploads\/2024\/01\/Endospheres_Rouleaux-jambes-02-90x60.jpg 90w, https:\/\/esthetiquekm.com\/wp-content\/uploads\/2024\/01\/Endospheres_Rouleaux-jambes-02-370x247.jpg 370w\" sizes=\"auto, (max-width: 640px) 100vw, 640px\" \/><\/figure>\n<\/div>\n\n\n\n<p><\/p>\n\n\n\n<p><em><strong>Endospheres Therapy\u00ae<\/strong> <\/em>pour un traitement global pour le corps de toute derni\u00e8re g\u00e9n\u00e9ration qui permet d\u2019intervenir sur le corps entier, des pieds au cou, du front au ventre, des fessiers aux bras pour exalter votre beaut\u00e9 naturelle ! Compos\u00e9 d\u2019actif minceur, anticellulite, remodelage, raffermissement, tonification\u2026.<\/p>\n\n\n\n<p><strong><em>Endospheres Therapy<\/em><\/strong>\u00ae est une technologie cliniquement test\u00e9e, qui a fait l\u2019objet d\u2019\u00e9tudes universitaires et m\u00e9dicales. Ce traitement r\u00e9pond \u00e0 un protocole scientifique pr\u00e9cis qui d\u00e9taille toutes les man\u0153uvres n\u00e9cessaires et qui doit \u00eatre imp\u00e9rativement respect\u00e9. Pour devenir op\u00e9rateur Endospheres, notre personnel a suivi une formation th\u00e9orique et pratique obligatoire, au terme de laquelle l\u2019op\u00e9rateur a obtenu une certification attestant de sa comp\u00e9tence et de sa pr\u00e9paration. <\/p>\n\n\n\n<p><\/p>\n\n\n\n<div class=\"wp-block-columns is-layout-flex wp-container-core-columns-is-layout-9d6595d7 wp-block-columns-is-layout-flex\">\n<div class=\"wp-block-column is-layout-flow wp-block-column-is-layout-flow\" style=\"flex-basis:100%\">\n<div class=\"wp-block-group is-nowrap is-layout-flex wp-container-core-group-is-layout-ad2f72ca wp-block-group-is-layout-flex\">\n<div class=\"wp-block-group is-content-justification-center is-nowrap is-layout-flex wp-container-core-group-is-layout-94bc23d7 wp-block-group-is-layout-flex\">\n<figure class=\"wp-block-image size-large is-resized\"><img loading=\"lazy\" decoding=\"async\" width=\"1024\" height=\"928\" src=\"http:\/\/esthetiquekm.com\/wp-content\/uploads\/2024\/01\/Endospheres_Rouleaux-jambes-billes-details-1024x928.jpg\" alt=\"\" class=\"wp-image-412\" style=\"width:208px;height:auto\" srcset=\"https:\/\/esthetiquekm.com\/wp-content\/uploads\/2024\/01\/Endospheres_Rouleaux-jambes-billes-details-1024x928.jpg 1024w, https:\/\/esthetiquekm.com\/wp-content\/uploads\/2024\/01\/Endospheres_Rouleaux-jambes-billes-details-300x272.jpg 300w, https:\/\/esthetiquekm.com\/wp-content\/uploads\/2024\/01\/Endospheres_Rouleaux-jambes-billes-details-768x696.jpg 768w, https:\/\/esthetiquekm.com\/wp-content\/uploads\/2024\/01\/Endospheres_Rouleaux-jambes-billes-details-1536x1392.jpg 1536w, https:\/\/esthetiquekm.com\/wp-content\/uploads\/2024\/01\/Endospheres_Rouleaux-jambes-billes-details-2048x1856.jpg 2048w, https:\/\/esthetiquekm.com\/wp-content\/uploads\/2024\/01\/Endospheres_Rouleaux-jambes-billes-details-66x60.jpg 66w\" sizes=\"auto, (max-width: 1024px) 100vw, 1024px\" \/><\/figure>\n\n\n<div class=\"wp-block-image\">\n<figure class=\"aligncenter size-full is-resized\"><img loading=\"lazy\" decoding=\"async\" width=\"687\" height=\"460\" src=\"http:\/\/esthetiquekm.com\/wp-content\/uploads\/2024\/01\/Endospheres_Rouleaux_Schema-explicatif-fonctionnement.jpg\" alt=\"\" class=\"wp-image-416\" style=\"width:281px;height:auto\" srcset=\"https:\/\/esthetiquekm.com\/wp-content\/uploads\/2024\/01\/Endospheres_Rouleaux_Schema-explicatif-fonctionnement.jpg 687w, https:\/\/esthetiquekm.com\/wp-content\/uploads\/2024\/01\/Endospheres_Rouleaux_Schema-explicatif-fonctionnement-300x201.jpg 300w, https:\/\/esthetiquekm.com\/wp-content\/uploads\/2024\/01\/Endospheres_Rouleaux_Schema-explicatif-fonctionnement-90x60.jpg 90w, https:\/\/esthetiquekm.com\/wp-content\/uploads\/2024\/01\/Endospheres_Rouleaux_Schema-explicatif-fonctionnement-370x247.jpg 370w\" sizes=\"auto, (max-width: 687px) 100vw, 687px\" \/><\/figure>\n<\/div><\/div>\n\n\n\n<ul class=\"wp-block-list\">\n<li style=\"font-size:13px;font-style:normal;font-weight:500\">Lisser la cellulite<\/li>\n\n\n\n<li style=\"font-size:13px;font-style:normal;font-weight:500\">Remodeler le corps<\/li>\n\n\n\n<li style=\"font-size:13px;font-style:normal;font-weight:500\">Ralentir le viellissement cutan\u00e9<\/li>\n\n\n\n<li style=\"font-size:13px;font-style:normal;font-weight:500\">Tonifie les tissus<\/li>\n\n\n\n<li style=\"font-size:13px;font-style:normal;font-weight:500\">Apaise les douleurs musculaires<\/li>\n\n\n\n<li style=\"font-size:13px;font-style:normal;font-weight:500\">Am\u00e9liore la circulation<\/li>\n\n\n\n<li style=\"font-size:13px;font-style:normal;font-weight:500\">Combat la sensation de jambes lourdes<\/li>\n\n\n\n<li style=\"font-size:13px;font-style:normal;font-weight:500\">Action m\u00e9tabolique<\/li>\n<\/ul>\n<\/div>\n<\/div>\n\n\n\n<div class=\"wp-block-column is-layout-flow wp-block-column-is-layout-flow\"><\/div>\n\n\n\n<div class=\"wp-block-column is-layout-flow wp-block-column-is-layout-flow\"><\/div>\n<\/div>\n\n\n\n<p><\/p>\n\n\n\n<p>Par son action vasodilatatrice, <strong><em>Endospheres\u00ae<\/em><\/strong> optimise la microcirculation, am\u00e9liorant la distribution du sang et des nutriments dans les tissus. Cela permet de d\u00e9finir l\u2019aspect de la peau, de r\u00e9duire la cellulite et de favoriser une r\u00e9cup\u00e9ration musculaire plus efficace.<\/p>\n\n\n\n<p>La disposition unique des sph\u00e8res en nid d\u2019abeille permet une compression progressive des tissus, simulant une sorte de gymnastique vasculaire capable de r\u00e9tablir la circulation sanguine.<\/p>\n\n\n\n<div class=\"wp-block-group is-content-justification-center is-nowrap is-layout-flex wp-container-core-group-is-layout-94bc23d7 wp-block-group-is-layout-flex\">\n<figure class=\"wp-block-image size-large is-resized\"><img loading=\"lazy\" decoding=\"async\" width=\"1024\" height=\"665\" src=\"https:\/\/esthetiquekm.com\/wp-content\/uploads\/2024\/01\/Endospheres_Rouleaux-jambes-1024x665.png\" alt=\"\" class=\"wp-image-415\" style=\"width:363px;height:auto\" srcset=\"https:\/\/esthetiquekm.com\/wp-content\/uploads\/2024\/01\/Endospheres_Rouleaux-jambes-1024x665.png 1024w, https:\/\/esthetiquekm.com\/wp-content\/uploads\/2024\/01\/Endospheres_Rouleaux-jambes-300x195.png 300w, https:\/\/esthetiquekm.com\/wp-content\/uploads\/2024\/01\/Endospheres_Rouleaux-jambes-768x498.png 768w, https:\/\/esthetiquekm.com\/wp-content\/uploads\/2024\/01\/Endospheres_Rouleaux-jambes-92x60.png 92w, https:\/\/esthetiquekm.com\/wp-content\/uploads\/2024\/01\/Endospheres_Rouleaux-jambes.png 1037w\" sizes=\"auto, (max-width: 1024px) 100vw, 1024px\" \/><\/figure>\n\n\n<div class=\"wp-block-image\">\n<figure class=\"aligncenter is-resized\"><img loading=\"lazy\" decoding=\"async\" width=\"800\" height=\"800\" src=\"http:\/\/esthetiquekm.com\/wp-content\/uploads\/2024\/01\/Endospheres_Machine.png\" alt=\"Base de Endosphere sur roue\" class=\"wp-image-326\" style=\"width:282px;height:auto\" srcset=\"https:\/\/esthetiquekm.com\/wp-content\/uploads\/2024\/01\/Endospheres_Machine.png 800w, https:\/\/esthetiquekm.com\/wp-content\/uploads\/2024\/01\/Endospheres_Machine-300x300.png 300w, https:\/\/esthetiquekm.com\/wp-content\/uploads\/2024\/01\/Endospheres_Machine-150x150.png 150w, https:\/\/esthetiquekm.com\/wp-content\/uploads\/2024\/01\/Endospheres_Machine-768x768.png 768w, https:\/\/esthetiquekm.com\/wp-content\/uploads\/2024\/01\/Endospheres_Machine-60x60.png 60w\" sizes=\"auto, (max-width: 800px) 100vw, 800px\" \/><\/figure>\n<\/div><\/div>\n\n\n\n<p>Gr\u00e2ce \u00e0 la vibration puls\u00e9e et rythm\u00e9e des sph\u00e8res, <strong><em>Endospheres\u00ae<\/em><\/strong> exerce une action vasodilatatrice qui am\u00e9liore la circulation et hydrate les tissus, en r\u00e9habilitant les vaisseaux sanguins \u00e0 leurs fonctions physiologiques, en r\u00e9tablissant les \u00e9changes m\u00e9taboliques et en favorisant une meilleure microcirculation.<\/p>\n\n\n<div class=\"wp-block-image\">\n<figure class=\"aligncenter is-resized\"><img loading=\"lazy\" decoding=\"async\" width=\"600\" height=\"283\" src=\"http:\/\/esthetiquekm.com\/wp-content\/uploads\/2024\/01\/logo_endospheres.png\" alt=\"\" class=\"wp-image-328\" style=\"width:367px;height:auto\" srcset=\"https:\/\/esthetiquekm.com\/wp-content\/uploads\/2024\/01\/logo_endospheres.png 600w, https:\/\/esthetiquekm.com\/wp-content\/uploads\/2024\/01\/logo_endospheres-300x142.png 300w, https:\/\/esthetiquekm.com\/wp-content\/uploads\/2024\/01\/logo_endospheres-127x60.png 127w\" sizes=\"auto, (max-width: 600px) 100vw, 600px\" \/><\/figure>\n<\/div>\n\n\n<p><\/p>\n\n\n\n<p class=\"has-text-align-center has-luminous-vivid-amber-background-color has-background has-small-font-size\"><strong>Consultez <a href=\"https:\/\/esthetiquekm.com\/index.php\/soins-du-corps\/\" title=\"\">nos tarifs<\/a><\/strong><\/p>\n\n\n\n<p><\/p>\n","protected":false},"excerpt":{"rendered":"<p>La m\u00e9thode&nbsp;Endospheres\u00ae&nbsp;est bas\u00e9e sur la technologie brevet\u00e9e de&nbsp;Microvibration Compressive&nbsp;et est rapidement devenue synonyme de garantie dans le traitement des imperfections du corps et du visage. Le traitement peut en effet &hellip; <\/p>\n","protected":false},"author":1,"featured_media":420,"parent":0,"menu_order":0,"comment_status":"closed","ping_status":"closed","template":"","meta":{"_monsterinsights_skip_tracking":false,"_monsterinsights_sitenote_active":false,"_monsterinsights_sitenote_note":"","_monsterinsights_sitenote_category":0,"_uf_show_specific_survey":0,"_uf_disable_surveys":false,"footnotes":""},"class_list":["post-396","page","type-page","status-publish","has-post-thumbnail","hentry"],"aioseo_notices":[],"_links":{"self":[{"href":"https:\/\/esthetiquekm.com\/index.php\/wp-json\/wp\/v2\/pages\/396","targetHints":{"allow":["GET"]}}],"collection":[{"href":"https:\/\/esthetiquekm.com\/index.php\/wp-json\/wp\/v2\/pages"}],"about":[{"href":"https:\/\/esthetiquekm.com\/index.php\/wp-json\/wp\/v2\/types\/page"}],"author":[{"embeddable":true,"href":"https:\/\/esthetiquekm.com\/index.php\/wp-json\/wp\/v2\/users\/1"}],"replies":[{"embeddable":true,"href":"https:\/\/esthetiquekm.com\/index.php\/wp-json\/wp\/v2\/comments?post=396"}],"version-history":[{"count":14,"href":"https:\/\/esthetiquekm.com\/index.php\/wp-json\/wp\/v2\/pages\/396\/revisions"}],"predecessor-version":[{"id":499,"href":"https:\/\/esthetiquekm.com\/index.php\/wp-json\/wp\/v2\/pages\/396\/revisions\/499"}],"wp:featuredmedia":[{"embeddable":true,"href":"https:\/\/esthetiquekm.com\/index.php\/wp-json\/wp\/v2\/media\/420"}],"wp:attachment":[{"href":"https:\/\/esthetiquekm.com\/index.php\/wp-json\/wp\/v2\/media?parent=396"}],"curies":[{"name":"wp","href":"https:\/\/api.w.org\/{rel}","templated":true}]}}