{"id":372,"date":"2024-01-28T18:20:13","date_gmt":"2024-01-28T17:20:13","guid":{"rendered":"https:\/\/esthetiquekm.com\/?page_id=372"},"modified":"2025-09-27T11:31:00","modified_gmt":"2025-09-27T09:31:00","slug":"skin-ceuticals","status":"publish","type":"page","link":"https:\/\/esthetiquekm.com\/index.php\/skin-ceuticals\/","title":{"rendered":"Skin Ceuticals"},"content":{"rendered":"\n<p><em>Skin Ceuticals\u00ae<\/em> est la marque n<sup>o<\/sup> 1 am\u00e9ricaine sp\u00e9cialis\u00e9e de l\u2019anti-\u00e2ge, reconnue mondialement, dont les formules \u00ab haute efficacit\u00e9 \u00bb sont recommand\u00e9es par des dermatologues et chirurgiens esth\u00e9tiques.<\/p>\n\n\n\n<div class=\"wp-block-group is-content-justification-center is-nowrap is-layout-flex wp-container-core-group-is-layout-94bc23d7 wp-block-group-is-layout-flex\">\n<figure class=\"wp-block-image is-resized\"><img loading=\"lazy\" decoding=\"async\" width=\"465\" height=\"461\" src=\"http:\/\/esthetiquekm.com\/wp-content\/uploads\/2024\/01\/SkinCeutical_3-AGE-ADVANCED-EYE_02.jpg\" alt=\"SkinCeutical application cr\u00e8me\" class=\"wp-image-376\" style=\"width:211px;height:auto\" srcset=\"https:\/\/esthetiquekm.com\/wp-content\/uploads\/2024\/01\/SkinCeutical_3-AGE-ADVANCED-EYE_02.jpg 465w, https:\/\/esthetiquekm.com\/wp-content\/uploads\/2024\/01\/SkinCeutical_3-AGE-ADVANCED-EYE_02-300x297.jpg 300w, https:\/\/esthetiquekm.com\/wp-content\/uploads\/2024\/01\/SkinCeutical_3-AGE-ADVANCED-EYE_02-150x150.jpg 150w, https:\/\/esthetiquekm.com\/wp-content\/uploads\/2024\/01\/SkinCeutical_3-AGE-ADVANCED-EYE_02-61x60.jpg 61w\" sizes=\"auto, (max-width: 465px) 100vw, 465px\" \/><\/figure>\n\n\n\n<figure class=\"wp-block-image size-full is-resized\"><img loading=\"lazy\" decoding=\"async\" width=\"465\" height=\"461\" src=\"http:\/\/esthetiquekm.com\/wp-content\/uploads\/2024\/01\/SkinCeutical_3-AGE-ADVANCED-EYE_01.jpg\" alt=\"SkinCeutical pot de cr\u00e8me de soins du visage\" class=\"wp-image-375\" style=\"width:208px;height:auto\" srcset=\"https:\/\/esthetiquekm.com\/wp-content\/uploads\/2024\/01\/SkinCeutical_3-AGE-ADVANCED-EYE_01.jpg 465w, https:\/\/esthetiquekm.com\/wp-content\/uploads\/2024\/01\/SkinCeutical_3-AGE-ADVANCED-EYE_01-300x297.jpg 300w, https:\/\/esthetiquekm.com\/wp-content\/uploads\/2024\/01\/SkinCeutical_3-AGE-ADVANCED-EYE_01-150x150.jpg 150w, https:\/\/esthetiquekm.com\/wp-content\/uploads\/2024\/01\/SkinCeutical_3-AGE-ADVANCED-EYE_01-61x60.jpg 61w\" sizes=\"auto, (max-width: 465px) 100vw, 465px\" \/><\/figure>\n<\/div>\n\n\n\n<p><\/p>\n\n\n\n<p>Issues de d\u00e9cennies de recherche sur le cancer de la peau qui ont conduits \u00e0 des perc\u00e9es d\u00e9cisives dans le domaine des antioxydants, leurs formules puissantes sont concentr\u00e9es en actifs purs et test\u00e9es pour p\u00e9n\u00e9trer de mani\u00e8re optimale dans la peau.<\/p>\n\n\n\n<p>Formul\u00e9s aux \u00c9tats-Unis et produits pour la majeure partie en France, ces soins sont utilis\u00e9s par des dermatologues, des chirurgiens platiques et notre institut sp\u00e9cialis\u00e9 dans le cadre de protocoles dermo-cosm\u00e9tiques et en compl\u00e9ment de proc\u00e9dures esth\u00e9tiques. Nous formulons nos soins pour corriger les signes du veillissement, prot\u00e9ger la peau et pr\u00e9venir les futurs dommages li\u00e9s aux agressions ext\u00e9rieures.<\/p>\n\n\n\n<div class=\"wp-block-group\"><div class=\"wp-block-group__inner-container is-layout-constrained wp-block-group-is-layout-constrained\">\n<div class=\"wp-block-group\"><div class=\"wp-block-group__inner-container is-layout-constrained wp-block-group-is-layout-constrained\">\n<div class=\"wp-block-columns are-vertically-aligned-center is-layout-flex wp-container-core-columns-is-layout-9d6595d7 wp-block-columns-is-layout-flex\">\n<div class=\"wp-block-column is-vertically-aligned-center is-layout-flow wp-block-column-is-layout-flow\"><div class=\"wp-block-image\">\n<figure class=\"aligncenter size-full is-resized\"><img loading=\"lazy\" decoding=\"async\" width=\"655\" height=\"567\" src=\"http:\/\/esthetiquekm.com\/wp-content\/uploads\/2024\/01\/SkinCeutical_Phyto-Corrrective-Masque-60ml-Face-Mask_SkinCeuticals.png\" alt=\"SkinCeutical\" class=\"wp-image-379\" style=\"width:218px;height:auto\" srcset=\"https:\/\/esthetiquekm.com\/wp-content\/uploads\/2024\/01\/SkinCeutical_Phyto-Corrrective-Masque-60ml-Face-Mask_SkinCeuticals.png 655w, https:\/\/esthetiquekm.com\/wp-content\/uploads\/2024\/01\/SkinCeutical_Phyto-Corrrective-Masque-60ml-Face-Mask_SkinCeuticals-300x260.png 300w, https:\/\/esthetiquekm.com\/wp-content\/uploads\/2024\/01\/SkinCeutical_Phyto-Corrrective-Masque-60ml-Face-Mask_SkinCeuticals-69x60.png 69w\" sizes=\"auto, (max-width: 655px) 100vw, 655px\" \/><\/figure>\n<\/div><\/div>\n\n\n\n<div class=\"wp-block-column is-vertically-aligned-center is-layout-flow wp-block-column-is-layout-flow\"><div class=\"wp-block-image\">\n<figure class=\"aligncenter size-full is-resized\"><img loading=\"lazy\" decoding=\"async\" width=\"930\" height=\"930\" src=\"http:\/\/esthetiquekm.com\/wp-content\/uploads\/2024\/01\/SkinCeutical_Blemish-Age-Defense-30ml-Dropper.png\" alt=\"SkinCeutical\" class=\"wp-image-378\" style=\"width:246px;height:auto\" srcset=\"https:\/\/esthetiquekm.com\/wp-content\/uploads\/2024\/01\/SkinCeutical_Blemish-Age-Defense-30ml-Dropper.png 930w, https:\/\/esthetiquekm.com\/wp-content\/uploads\/2024\/01\/SkinCeutical_Blemish-Age-Defense-30ml-Dropper-300x300.png 300w, https:\/\/esthetiquekm.com\/wp-content\/uploads\/2024\/01\/SkinCeutical_Blemish-Age-Defense-30ml-Dropper-150x150.png 150w, https:\/\/esthetiquekm.com\/wp-content\/uploads\/2024\/01\/SkinCeutical_Blemish-Age-Defense-30ml-Dropper-768x768.png 768w, https:\/\/esthetiquekm.com\/wp-content\/uploads\/2024\/01\/SkinCeutical_Blemish-Age-Defense-30ml-Dropper-60x60.png 60w\" sizes=\"auto, (max-width: 930px) 100vw, 930px\" \/><\/figure>\n<\/div><\/div>\n\n\n\n<div class=\"wp-block-column is-vertically-aligned-center is-layout-flow wp-block-column-is-layout-flow\"><div class=\"wp-block-image\">\n<figure class=\"aligncenter size-full is-resized\"><img loading=\"lazy\" decoding=\"async\" width=\"535\" height=\"398\" src=\"http:\/\/esthetiquekm.com\/wp-content\/uploads\/2024\/01\/SkinCeutical_AGE-ADVANCED-EYE-1.png\" alt=\"SkinCeutical\" class=\"wp-image-377\" style=\"width:269px;height:auto\" srcset=\"https:\/\/esthetiquekm.com\/wp-content\/uploads\/2024\/01\/SkinCeutical_AGE-ADVANCED-EYE-1.png 535w, https:\/\/esthetiquekm.com\/wp-content\/uploads\/2024\/01\/SkinCeutical_AGE-ADVANCED-EYE-1-300x223.png 300w, https:\/\/esthetiquekm.com\/wp-content\/uploads\/2024\/01\/SkinCeutical_AGE-ADVANCED-EYE-1-81x60.png 81w, https:\/\/esthetiquekm.com\/wp-content\/uploads\/2024\/01\/SkinCeutical_AGE-ADVANCED-EYE-1-110x83.png 110w\" sizes=\"auto, (max-width: 535px) 100vw, 535px\" \/><\/figure>\n<\/div><\/div>\n<\/div>\n<\/div><\/div>\n<\/div><\/div>\n\n\n<div class=\"wp-block-image\">\n<figure class=\"aligncenter is-resized\"><img loading=\"lazy\" decoding=\"async\" width=\"2104\" height=\"404\" src=\"http:\/\/esthetiquekm.com\/wp-content\/uploads\/2024\/01\/Logo_skinceuticals.png\" alt=\"SkinCeutical marque logo\" class=\"wp-image-373\" style=\"width:430px;height:auto\" srcset=\"https:\/\/esthetiquekm.com\/wp-content\/uploads\/2024\/01\/Logo_skinceuticals.png 2104w, https:\/\/esthetiquekm.com\/wp-content\/uploads\/2024\/01\/Logo_skinceuticals-300x58.png 300w, https:\/\/esthetiquekm.com\/wp-content\/uploads\/2024\/01\/Logo_skinceuticals-1024x197.png 1024w, https:\/\/esthetiquekm.com\/wp-content\/uploads\/2024\/01\/Logo_skinceuticals-768x147.png 768w, https:\/\/esthetiquekm.com\/wp-content\/uploads\/2024\/01\/Logo_skinceuticals-1536x295.png 1536w, https:\/\/esthetiquekm.com\/wp-content\/uploads\/2024\/01\/Logo_skinceuticals-2048x393.png 2048w, https:\/\/esthetiquekm.com\/wp-content\/uploads\/2024\/01\/Logo_skinceuticals-312x60.png 312w\" sizes=\"auto, (max-width: 2104px) 100vw, 2104px\" \/><\/figure>\n<\/div>\n\n\n<p><\/p>\n\n\n\n<p class=\"has-text-align-center has-luminous-vivid-amber-background-color has-background has-small-font-size\"><strong>Consultez <a href=\"https:\/\/esthetiquekm.com\/index.php\/soins-du-visage\/\" title=\"\">nos tarifs<\/a><\/strong><\/p>\n\n\n\n<p><\/p>\n","protected":false},"excerpt":{"rendered":"<p>Skin Ceuticals\u00ae est la marque no 1 am\u00e9ricaine sp\u00e9cialis\u00e9e de l\u2019anti-\u00e2ge, reconnue mondialement, dont les formules \u00ab haute efficacit\u00e9 \u00bb sont recommand\u00e9es par des dermatologues et chirurgiens esth\u00e9tiques. Issues de &hellip; <\/p>\n","protected":false},"author":1,"featured_media":388,"parent":0,"menu_order":0,"comment_status":"closed","ping_status":"closed","template":"","meta":{"_monsterinsights_skip_tracking":false,"_monsterinsights_sitenote_active":false,"_monsterinsights_sitenote_note":"","_monsterinsights_sitenote_category":0,"_uf_show_specific_survey":0,"_uf_disable_surveys":false,"footnotes":""},"class_list":["post-372","page","type-page","status-publish","has-post-thumbnail","hentry"],"aioseo_notices":[],"_links":{"self":[{"href":"https:\/\/esthetiquekm.com\/index.php\/wp-json\/wp\/v2\/pages\/372","targetHints":{"allow":["GET"]}}],"collection":[{"href":"https:\/\/esthetiquekm.com\/index.php\/wp-json\/wp\/v2\/pages"}],"about":[{"href":"https:\/\/esthetiquekm.com\/index.php\/wp-json\/wp\/v2\/types\/page"}],"author":[{"embeddable":true,"href":"https:\/\/esthetiquekm.com\/index.php\/wp-json\/wp\/v2\/users\/1"}],"replies":[{"embeddable":true,"href":"https:\/\/esthetiquekm.com\/index.php\/wp-json\/wp\/v2\/comments?post=372"}],"version-history":[{"count":7,"href":"https:\/\/esthetiquekm.com\/index.php\/wp-json\/wp\/v2\/pages\/372\/revisions"}],"predecessor-version":[{"id":502,"href":"https:\/\/esthetiquekm.com\/index.php\/wp-json\/wp\/v2\/pages\/372\/revisions\/502"}],"wp:featuredmedia":[{"embeddable":true,"href":"https:\/\/esthetiquekm.com\/index.php\/wp-json\/wp\/v2\/media\/388"}],"wp:attachment":[{"href":"https:\/\/esthetiquekm.com\/index.php\/wp-json\/wp\/v2\/media?parent=372"}],"curies":[{"name":"wp","href":"https:\/\/api.w.org\/{rel}","templated":true}]}}