{"id":35,"date":"2023-12-10T19:31:45","date_gmt":"2023-12-10T18:31:45","guid":{"rendered":"https:\/\/esthetiquekm.com\/?page_id=35"},"modified":"2023-12-27T13:05:57","modified_gmt":"2023-12-27T12:05:57","slug":"nos-soins","status":"publish","type":"page","link":"https:\/\/esthetiquekm.com\/index.php\/nos-soins\/","title":{"rendered":"Nos soins"},"content":{"rendered":"\n<p><em>L&rsquo;institut M\u00e9decine Esth\u00e9tique<\/em> vous propose une large gamme de soins adapt\u00e9s \u00e0 votre peau<\/p>\n\n\n\n<p class=\"has-white-color has-text-color has-background has-link-color has-medium-font-size wp-elements-d7ffc1b11a951cdb76432b518dca2b83\" style=\"background-color:#b68e48db\"><strong><a href=\"https:\/\/esthetiquekm.com\/index.php\/soins-du-visage\/\" title=\"\">Soins du visage<\/a><\/strong><\/p>\n\n\n\n<p class=\"has-luminous-vivid-orange-color has-text-color has-link-color has-medium-font-size wp-elements-479188c4bd827468969f186af974ea90\"><strong><em>Endospheres Therapy Face<\/em><\/strong><\/p>\n\n\n\n<p><em>Endospheres Therapy Face\u00ae <\/em>prend soin de la peau du visage, pour r\u00e9veiller votre beaut\u00e9 naturelle. Elle acc\u00e9l\u00e8re la production des substances de la jeunesse (collag\u00e8ne, \u00e9lastine, acide hyaluronique) pour une peau plus compacte.<br><br><strong><a href=\"https:\/\/esthetiquekm.com\/index.php\/endospheres-therapy\/\" title=\"Endosphere Face\">&gt;&gt; <mark style=\"background-color:rgba(0, 0, 0, 0)\" class=\"has-inline-color has-vivid-red-color\">plus d&rsquo;infos<\/mark> &lt;&lt;<\/a><\/strong><\/p>\n\n\n\n<p class=\"has-luminous-vivid-orange-color has-text-color has-link-color has-medium-font-size wp-elements-5dc0954fc958e01331fbcae89c6c7da5\"><em><strong>Skin Ceuticals <\/strong>(anti-\u00e2ge)<\/em><\/p>\n\n\n\n<p><em>Skin Ceuticals\u00ae <\/em>est la marque n\u00b0 1 am\u00e9ricaine sp\u00e9cialis\u00e9e de l\u2019anti-\u00e2ge, reconnue mondialement, <br>dont les formules \u00ab haute efficacit\u00e9 \u00bb sont recommand\u00e9es par des dermatologues et <br>chirurgiens esth\u00e9tiques.<\/p>\n\n\n\n<p><strong><a href=\"https:\/\/esthetiquekm.com\/index.php\/skin-ceuticals\" title=\"Skin Ceuticals\">&gt;&gt; <mark style=\"background-color:rgba(0, 0, 0, 0)\" class=\"has-inline-color has-vivid-red-color\">plus d&rsquo;infos<\/mark> &lt;&lt;<\/a><\/strong><\/p>\n\n\n\n<p class=\"has-luminous-vivid-orange-color has-text-color has-link-color has-medium-font-size wp-elements-183161de523203edd9e6be50fd0f227c\"><em><strong>Facial Toning Device<\/strong><\/em><\/p>\n\n\n\n<p>La luminoth\u00e9rapie attenue les rides, le vieillissement et l\u2019acn\u00e9, en favorisant la production de collag\u00e8ne et d\u2019elastine. R\u00e9duit la taille des pores, des taches de vieilli<br>ssement cutan\u00e9e et de soleil, ainsi que la s\u00e9cr\u00e9tion de s\u00e9bum pour une peau moins grasse. <br>(Lifting, contour, muscle du visage <em><strong>Therapy Skin Care LED Mask Kardashian\u00ae<\/strong> <\/em>(Vogue France))<\/p>\n\n\n\n<p class=\"has-white-color has-text-color has-background has-link-color has-medium-font-size wp-elements-8dedd5b4d22a54f7e3de4f08a314178b\" style=\"background-color:#b68e48db\"><strong><a href=\"https:\/\/esthetiquekm.com\/index.php\/soins-du-corps\/\" title=\"\">Soins du corps<\/a><\/strong><\/p>\n\n\n\n<p class=\"has-luminous-vivid-orange-color has-text-color has-link-color has-medium-font-size wp-elements-3df4900559a2ecb8d36a96493535bacc\"><em><strong><strong><em><strong><em>Endospheres Therapy\u00ae&nbsp;<\/em><\/strong><\/em><\/strong><\/strong><\/em><\/p>\n\n\n\n<p><em>Endospheres Therapy<\/em>\u00ae pour un traitement global pour le corps de toute derni\u00e8re g\u00e9n\u00e9ration <br>qui permet d\u2019intervenir sur le corps entier, des pieds au cou, du front au ventre, <br>des fessiers aux bras pour exalter votre beaut\u00e9 naturelle ! <br>Compos\u00e9 d\u2019actif minceur, anticellulite, remodelage, raffermissement, tonification&#8230;.<br>Embellissement des seins (anti-rides, rel\u00e2chement, tonification, raffermissement)<\/p>\n\n\n\n<p class=\"has-luminous-vivid-orange-color has-text-color has-link-color has-medium-font-size wp-elements-ca2c2d7e3c2f1a40deebec1ca308d479\"><strong><em><strong><em>Miha Bodytec\u00ae  <\/em><\/strong><\/em><\/strong>\u00c9lectro stimulation&nbsp;m\u00e9dicale<\/p>\n\n\n\n<p>L&rsquo;\u00e9lectrostimulation est une m\u00e9thode d&rsquo;entra\u00eenement du corps entier qui combine l&rsquo;activation \u00e9lectrique des fibres musculaires avec des exercices simples et cibl\u00e9s de musculation. Utilisant un \u00e9quipement m\u00e9dicalement certifi\u00e9, elle s&rsquo;effectue sous la direction et l&rsquo;instruction d&rsquo;un superviseur form\u00e9, avec un accent clairement d\u00e9fini sur la pr\u00e9vention et la th\u00e9rapie.<\/p>\n\n\n\n<p class=\"has-luminous-vivid-orange-color has-text-color has-link-color has-medium-font-size wp-elements-a643ed6749ecdc04ce3207dd34018d92\"><strong>Pressoth\u00e9rapie<\/strong><\/p>\n\n\n\n<p>La pressoth\u00e9rapie&nbsp;reprend le principe du drainage lymphatique, c&rsquo;est une technique de massage sous pression qui stimule la circulation sanguine et lymphatique. Elle est indiqu\u00e9e pour traiter la r\u00e9tention d&rsquo;eau, les jambes lourdes, la cellulite, les douleurs musculaires et articulaires.<\/p>\n\n\n\n<p class=\"has-white-color has-text-color has-background has-link-color has-medium-font-size wp-elements-baa756bf11b33f1b8cc8971c56e802c7\" style=\"background-color:#b68e48db\"><strong><a href=\"https:\/\/esthetiquekm.com\/index.php\/soins-du-regard\/\" title=\"\">Soins du regard<\/a><\/strong><\/p>\n\n\n\n<p>Modelage, nettoyage des sourcils. <br>Teinture avec ou sans rehaussement des sourcils et des cils <\/p>\n\n\n\n<p class=\"has-white-color has-text-color has-background has-link-color has-medium-font-size wp-elements-42c84227b83342826df914dacf8b30f1\" style=\"background-color:#b68e48db\"><strong>Maquillage semi-permanent<\/strong> <a href=\"https:\/\/esthetiquekm.com\/index.php\/soins-du-regard\/\" title=\"\">visage<\/a> et <a href=\"https:\/\/esthetiquekm.com\/index.php\/soins-du-corps\/\" title=\"\">corps<\/a><\/p>\n\n\n\n<p><strong><mark style=\"background-color:rgba(0, 0, 0, 0)\" class=\"has-inline-color has-luminous-vivid-orange-color\">Sourcils <\/mark><\/strong>Effet poudr\u00e9, ombrage et correction de la couleur<\/p>\n\n\n\n<p><strong><mark style=\"background-color:rgba(0, 0, 0, 0)\" class=\"has-inline-color has-luminous-vivid-orange-color\">L\u00e8vres<\/mark><\/strong> Illumination et correction de la couleur, avec Effet glamour ou naturel<\/p>\n\n\n\n<p><strong><mark style=\"background-color:rgba(0, 0, 0, 0)\" class=\"has-inline-color has-luminous-vivid-orange-color\">Corps <\/mark><\/strong>Embellissement mammaire (ar\u00e9ole) pour effet naturel ou un effet illumination<br>Pour att\u00e9nuer les Vergetures, les cicatrices et vitiligo <mark style=\"background-color:rgba(0, 0, 0, 0)\" class=\"has-inline-color has-black-color\">(apr\u00e8s avis m\u00e9dical)<\/mark> <\/p>\n\n\n\n<p><strong><strong><mark style=\"background-color:rgba(0, 0, 0, 0)\" class=\"has-inline-color has-luminous-vivid-orange-color\">D\u00e9garnissement capillaire et cuir chevelu<\/mark><\/strong><\/strong> Tricopigentation et dermopigmentation capillaire<\/p>\n\n\n\n<p class=\"has-white-color has-text-color has-background has-link-color has-medium-font-size wp-elements-2dca17f80c26f11098fe43b6a57441af\" style=\"background-color:#b68e48db\"><strong><a href=\"https:\/\/esthetiquekm.com\/index.php\/soins-du-corps\/\" title=\"\">\u00c9pilation<\/a><\/strong><\/p>\n\n\n\n<p>\u00c9pilation douce des l\u00e8vres sup\u00e9rieures. Mais aussi du corps, des aisselles. \u00c9galement une \u00e9pilation du maillot classique, \u00e9chancr\u00e9 ou int\u00e9grale. Et pour conserver des jambes lisses et belles en toutes saison.<\/p>\n","protected":false},"excerpt":{"rendered":"<p>L&rsquo;institut M\u00e9decine Esth\u00e9tique vous propose une large gamme de soins adapt\u00e9s \u00e0 votre peau Soins du visage Endospheres Therapy Face Endospheres Therapy Face\u00ae prend soin de la peau du visage, &hellip; <\/p>\n","protected":false},"author":2,"featured_media":54,"parent":0,"menu_order":0,"comment_status":"closed","ping_status":"closed","template":"","meta":{"_monsterinsights_skip_tracking":false,"_monsterinsights_sitenote_active":false,"_monsterinsights_sitenote_note":"","_monsterinsights_sitenote_category":0,"_uf_show_specific_survey":0,"_uf_disable_surveys":false,"footnotes":""},"class_list":["post-35","page","type-page","status-publish","has-post-thumbnail","hentry"],"aioseo_notices":[],"_links":{"self":[{"href":"https:\/\/esthetiquekm.com\/index.php\/wp-json\/wp\/v2\/pages\/35","targetHints":{"allow":["GET"]}}],"collection":[{"href":"https:\/\/esthetiquekm.com\/index.php\/wp-json\/wp\/v2\/pages"}],"about":[{"href":"https:\/\/esthetiquekm.com\/index.php\/wp-json\/wp\/v2\/types\/page"}],"author":[{"embeddable":true,"href":"https:\/\/esthetiquekm.com\/index.php\/wp-json\/wp\/v2\/users\/2"}],"replies":[{"embeddable":true,"href":"https:\/\/esthetiquekm.com\/index.php\/wp-json\/wp\/v2\/comments?post=35"}],"version-history":[{"count":41,"href":"https:\/\/esthetiquekm.com\/index.php\/wp-json\/wp\/v2\/pages\/35\/revisions"}],"predecessor-version":[{"id":170,"href":"https:\/\/esthetiquekm.com\/index.php\/wp-json\/wp\/v2\/pages\/35\/revisions\/170"}],"wp:featuredmedia":[{"embeddable":true,"href":"https:\/\/esthetiquekm.com\/index.php\/wp-json\/wp\/v2\/media\/54"}],"wp:attachment":[{"href":"https:\/\/esthetiquekm.com\/index.php\/wp-json\/wp\/v2\/media?parent=35"}],"curies":[{"name":"wp","href":"https:\/\/api.w.org\/{rel}","templated":true}]}}