{"id":314,"date":"2024-01-28T16:37:37","date_gmt":"2024-01-28T15:37:37","guid":{"rendered":"https:\/\/esthetiquekm.com\/?page_id=314"},"modified":"2025-09-27T11:31:30","modified_gmt":"2025-09-27T09:31:30","slug":"endospheres-therapy","status":"publish","type":"page","link":"https:\/\/esthetiquekm.com\/index.php\/endospheres-therapy\/","title":{"rendered":"Endospheres Therapy Face"},"content":{"rendered":"\n<p>La m\u00e9thode<em> <strong>Endospheres\u00ae<\/strong> <\/em>est bas\u00e9e sur la technologie brevet\u00e9e de <em>Microvibration Compressive<\/em> et est rapidement devenue synonyme de garantie dans le traitement des imperfections du corps et du visage. Le traitement peut en effet \u00eatre effectu\u00e9 sur toutes les zones du corps, m\u00eame celles qui sont habituellement plus difficiles \u00e0 atteindre, et <strong><mark style=\"background-color:rgba(0, 0, 0, 0);color:#1a6f2f\" class=\"has-inline-color\">ne pr\u00e9sente aucune contre-indication.<\/mark><\/strong> <\/p>\n\n\n\n<div class=\"wp-block-columns is-layout-flex wp-container-core-columns-is-layout-9d6595d7 wp-block-columns-is-layout-flex\">\n<div class=\"wp-block-column is-layout-flow wp-block-column-is-layout-flow\" style=\"flex-basis:100%\">\n<div class=\"wp-block-columns is-layout-flex wp-container-core-columns-is-layout-9d6595d7 wp-block-columns-is-layout-flex\">\n<div class=\"wp-block-column is-layout-flow wp-block-column-is-layout-flow\" style=\"flex-basis:100%\">\n<div class=\"wp-block-group is-nowrap is-layout-flex wp-container-core-group-is-layout-ad2f72ca wp-block-group-is-layout-flex\">\n<div class=\"wp-block-group is-content-justification-center is-nowrap is-layout-flex wp-container-core-group-is-layout-94bc23d7 wp-block-group-is-layout-flex\">\n<figure class=\"wp-block-image is-resized\"><img loading=\"lazy\" decoding=\"async\" width=\"800\" height=\"800\" src=\"http:\/\/esthetiquekm.com\/wp-content\/uploads\/2024\/01\/Endospheres_femme.jpg\" alt=\"Endosphere visage femme\" class=\"wp-image-316\" style=\"width:267px;height:auto\" srcset=\"https:\/\/esthetiquekm.com\/wp-content\/uploads\/2024\/01\/Endospheres_femme.jpg 800w, https:\/\/esthetiquekm.com\/wp-content\/uploads\/2024\/01\/Endospheres_femme-300x300.jpg 300w, https:\/\/esthetiquekm.com\/wp-content\/uploads\/2024\/01\/Endospheres_femme-150x150.jpg 150w, https:\/\/esthetiquekm.com\/wp-content\/uploads\/2024\/01\/Endospheres_femme-768x768.jpg 768w, https:\/\/esthetiquekm.com\/wp-content\/uploads\/2024\/01\/Endospheres_femme-60x60.jpg 60w\" sizes=\"auto, (max-width: 800px) 100vw, 800px\" \/><\/figure>\n\n\n<div class=\"wp-block-image\">\n<figure class=\"aligncenter is-resized\"><img loading=\"lazy\" decoding=\"async\" width=\"630\" height=\"570\" src=\"http:\/\/esthetiquekm.com\/wp-content\/uploads\/2024\/01\/Endospheres_homme.jpg\" alt=\"Endosphere visage homme\" class=\"wp-image-317\" style=\"width:297px;height:auto\" srcset=\"https:\/\/esthetiquekm.com\/wp-content\/uploads\/2024\/01\/Endospheres_homme.jpg 630w, https:\/\/esthetiquekm.com\/wp-content\/uploads\/2024\/01\/Endospheres_homme-300x271.jpg 300w, https:\/\/esthetiquekm.com\/wp-content\/uploads\/2024\/01\/Endospheres_homme-66x60.jpg 66w\" sizes=\"auto, (max-width: 630px) 100vw, 630px\" \/><\/figure>\n<\/div><\/div>\n\n\n\n<ul class=\"wp-block-list\">\n<li style=\"font-size:13px;font-style:normal;font-weight:500\">Lisser les rides<\/li>\n\n\n\n<li style=\"font-size:13px;font-style:normal;font-weight:500\">Illuminer le teint<\/li>\n\n\n\n<li style=\"font-size:13px;font-style:normal;font-weight:500\">D\u00e9tendre et tonifier <br>les muscles<\/li>\n\n\n\n<li style=\"font-size:13px;font-style:normal;font-weight:500\">Modeler les l\u00e8vres<\/li>\n\n\n\n<li style=\"font-size:13px;font-style:normal;font-weight:500\">R\u00e9duire les poches <br>et les cernes<\/li>\n\n\n\n<li style=\"font-size:13px;font-style:normal;font-weight:500\">Raffermir l\u2019oval du visage<\/li>\n\n\n\n<li style=\"font-size:13px;font-style:normal;font-weight:500\">Soulever les pommettes<\/li>\n<\/ul>\n<\/div>\n<\/div>\n<\/div>\n<\/div>\n<\/div>\n\n\n\n<p><\/p>\n\n\n\n<p>C\u2019est le soin du visage par excellence. Le dispositif, con\u00e7u de mani\u00e8re ergonomique pour l\u2019op\u00e9rateur, suit chaque courbe du visage du patient, d\u00e9gageant une profonde sensation de bien-\u00eatre.<\/p>\n\n\n\n<p>Le soin comprend trois phases de traitement qui travaillent ensemble vers un rajeunissement complet du visage. Le traitement agit sous la peau pour assurer tonicit\u00e9, \u00e9lasticit\u00e9 et forme, mais aussi en surface pour unifier le teint, lutter contre les cernes et r\u00e9duire les poches sous les yeux.<\/p>\n\n\n\n<p><\/p>\n\n\n\n<div class=\"wp-block-group is-content-justification-center is-nowrap is-layout-flex wp-container-core-group-is-layout-94bc23d7 wp-block-group-is-layout-flex\">\n<figure class=\"wp-block-image is-resized\"><img loading=\"lazy\" decoding=\"async\" width=\"1037\" height=\"515\" src=\"http:\/\/esthetiquekm.com\/wp-content\/uploads\/2024\/01\/Endospheres_Rouleaux-visage.png\" alt=\"Rouleau de visage Endosphere therapy\" class=\"wp-image-327\" style=\"width:366px;height:auto\" srcset=\"https:\/\/esthetiquekm.com\/wp-content\/uploads\/2024\/01\/Endospheres_Rouleaux-visage.png 1037w, https:\/\/esthetiquekm.com\/wp-content\/uploads\/2024\/01\/Endospheres_Rouleaux-visage-300x149.png 300w, https:\/\/esthetiquekm.com\/wp-content\/uploads\/2024\/01\/Endospheres_Rouleaux-visage-1024x509.png 1024w, https:\/\/esthetiquekm.com\/wp-content\/uploads\/2024\/01\/Endospheres_Rouleaux-visage-768x381.png 768w, https:\/\/esthetiquekm.com\/wp-content\/uploads\/2024\/01\/Endospheres_Rouleaux-visage-121x60.png 121w\" sizes=\"auto, (max-width: 1037px) 100vw, 1037px\" \/><\/figure>\n\n\n\n<figure class=\"wp-block-image is-resized\"><img loading=\"lazy\" decoding=\"async\" width=\"800\" height=\"800\" src=\"http:\/\/esthetiquekm.com\/wp-content\/uploads\/2024\/01\/Endospheres_Machine.png\" alt=\"Base de Endosphere sur roue\" class=\"wp-image-326\" style=\"width:282px;height:auto\" srcset=\"https:\/\/esthetiquekm.com\/wp-content\/uploads\/2024\/01\/Endospheres_Machine.png 800w, https:\/\/esthetiquekm.com\/wp-content\/uploads\/2024\/01\/Endospheres_Machine-300x300.png 300w, https:\/\/esthetiquekm.com\/wp-content\/uploads\/2024\/01\/Endospheres_Machine-150x150.png 150w, https:\/\/esthetiquekm.com\/wp-content\/uploads\/2024\/01\/Endospheres_Machine-768x768.png 768w, https:\/\/esthetiquekm.com\/wp-content\/uploads\/2024\/01\/Endospheres_Machine-60x60.png 60w\" sizes=\"auto, (max-width: 800px) 100vw, 800px\" \/><\/figure>\n<\/div>\n\n\n\n<p><\/p>\n\n\n\n<p>Le soin agit avec un effet imm\u00e9diat sur les tissus d\u00e9licats du visage. Il acc\u00e9l\u00e8re la production naturelle de collag\u00e8ne, d\u2019\u00e9lastine et d\u2019acide hyaluronique pour raviver les teints fatigu\u00e9s, ternes ou affaiss\u00e9s et r\u00e9veiller la beaut\u00e9 naturelle de la peau.<\/p>\n\n\n\n<div class=\"wp-block-group\"><div class=\"wp-block-group__inner-container is-layout-constrained wp-block-group-is-layout-constrained\">\n<div class=\"wp-block-columns is-layout-flex wp-container-core-columns-is-layout-9d6595d7 wp-block-columns-is-layout-flex\">\n<div class=\"wp-block-column is-vertically-aligned-center is-layout-flow wp-block-column-is-layout-flow\" style=\"flex-basis:100%\">\n<div class=\"wp-block-group\"><div class=\"wp-block-group__inner-container is-layout-constrained wp-block-group-is-layout-constrained\">\n<div class=\"wp-block-group is-content-justification-center is-nowrap is-layout-flex wp-container-core-group-is-layout-94bc23d7 wp-block-group-is-layout-flex\">\n<div class=\"wp-block-group\"><div class=\"wp-block-group__inner-container is-layout-constrained wp-block-group-is-layout-constrained\">\n<div class=\"wp-block-group is-nowrap is-layout-flex wp-container-core-group-is-layout-ad2f72ca wp-block-group-is-layout-flex\">\n<figure class=\"wp-block-image is-resized\"><img loading=\"lazy\" decoding=\"async\" width=\"600\" height=\"283\" src=\"http:\/\/esthetiquekm.com\/wp-content\/uploads\/2024\/01\/logo_endospheres.png\" alt=\"\" class=\"wp-image-328\" style=\"width:367px;height:auto\" srcset=\"https:\/\/esthetiquekm.com\/wp-content\/uploads\/2024\/01\/logo_endospheres.png 600w, https:\/\/esthetiquekm.com\/wp-content\/uploads\/2024\/01\/logo_endospheres-300x142.png 300w, https:\/\/esthetiquekm.com\/wp-content\/uploads\/2024\/01\/logo_endospheres-127x60.png 127w\" sizes=\"auto, (max-width: 600px) 100vw, 600px\" \/><\/figure>\n<\/div>\n<\/div><\/div>\n<\/div>\n<\/div><\/div>\n<\/div>\n<\/div>\n<\/div><\/div>\n\n\n\n<p><\/p>\n\n\n\n<p class=\"has-text-align-center has-luminous-vivid-amber-background-color has-background has-small-font-size\"><strong>Consultez <a href=\"https:\/\/esthetiquekm.com\/index.php\/soins-du-corps\/\" title=\"\">n<\/a><a href=\"https:\/\/esthetiquekm.com\/index.php\/soins-du-visage\/\" title=\"\">os tarifs<\/a><\/strong><\/p>\n\n\n\n<p><\/p>\n","protected":false},"excerpt":{"rendered":"<p>La m\u00e9thode Endospheres\u00ae est bas\u00e9e sur la technologie brevet\u00e9e de Microvibration Compressive et est rapidement devenue synonyme de garantie dans le traitement des imperfections du corps et du visage. Le &hellip; <\/p>\n","protected":false},"author":1,"featured_media":345,"parent":0,"menu_order":0,"comment_status":"closed","ping_status":"closed","template":"","meta":{"_monsterinsights_skip_tracking":false,"_monsterinsights_sitenote_active":false,"_monsterinsights_sitenote_note":"","_monsterinsights_sitenote_category":0,"_uf_show_specific_survey":0,"_uf_disable_surveys":false,"footnotes":""},"class_list":["post-314","page","type-page","status-publish","has-post-thumbnail","hentry"],"aioseo_notices":[],"_links":{"self":[{"href":"https:\/\/esthetiquekm.com\/index.php\/wp-json\/wp\/v2\/pages\/314","targetHints":{"allow":["GET"]}}],"collection":[{"href":"https:\/\/esthetiquekm.com\/index.php\/wp-json\/wp\/v2\/pages"}],"about":[{"href":"https:\/\/esthetiquekm.com\/index.php\/wp-json\/wp\/v2\/types\/page"}],"author":[{"embeddable":true,"href":"https:\/\/esthetiquekm.com\/index.php\/wp-json\/wp\/v2\/users\/1"}],"replies":[{"embeddable":true,"href":"https:\/\/esthetiquekm.com\/index.php\/wp-json\/wp\/v2\/comments?post=314"}],"version-history":[{"count":23,"href":"https:\/\/esthetiquekm.com\/index.php\/wp-json\/wp\/v2\/pages\/314\/revisions"}],"predecessor-version":[{"id":503,"href":"https:\/\/esthetiquekm.com\/index.php\/wp-json\/wp\/v2\/pages\/314\/revisions\/503"}],"wp:featuredmedia":[{"embeddable":true,"href":"https:\/\/esthetiquekm.com\/index.php\/wp-json\/wp\/v2\/media\/345"}],"wp:attachment":[{"href":"https:\/\/esthetiquekm.com\/index.php\/wp-json\/wp\/v2\/media?parent=314"}],"curies":[{"name":"wp","href":"https:\/\/api.w.org\/{rel}","templated":true}]}}