{"id":175,"date":"2024-01-08T11:09:18","date_gmt":"2024-01-08T10:09:18","guid":{"rendered":"https:\/\/esthetiquekm.com\/?page_id=175"},"modified":"2025-09-27T11:11:42","modified_gmt":"2025-09-27T09:11:42","slug":"soins-du-regard","status":"publish","type":"page","link":"https:\/\/esthetiquekm.com\/index.php\/soins-du-regard\/","title":{"rendered":"Soins du regard"},"content":{"rendered":"\n<p class=\"has-white-color has-text-color has-background has-link-color has-medium-font-size wp-elements-02b111ea45eac7bfef50979e619fbf52\" style=\"background-color:#b68e48db\"><strong>Soins du regard<\/strong><\/p>\n\n\n\n<ul class=\"wp-block-list\">\n<li>Modelage des sourcils &#8230;&#8230;&#8230;&#8230;&#8230;&#8230;&#8230;. 30 \u20ac<\/li>\n\n\n\n<li>Nettoyage des sourcils &#8230;&#8230;&#8230;&#8230;&#8230;&#8230;&#8230; 25 \u20ac <\/li>\n\n\n\n<li>Teinture des sourcils &#8230;&#8230;&#8230;&#8230;&#8230;&#8230;&#8230;&#8230;. 20 \u20ac<\/li>\n\n\n\n<li>Teinture des cils &#8230;&#8230;&#8230;&#8230;&#8230;&#8230;&#8230;&#8230;&#8230;&#8230;.. 25 \u20ac<\/li>\n\n\n\n<li>Rehaussement des sourcils &#8230;&#8230;&#8230;&#8230; 100 \u20ac<\/li>\n\n\n\n<li>Rehaussement des cils &#8230;&#8230;&#8230;&#8230;&#8230;&#8230;. 100 \u20ac&nbsp;<\/li>\n<\/ul>\n\n\n\n<p class=\"has-white-color has-text-color has-background has-link-color has-medium-font-size wp-elements-05e659b5560ba7a77cce891655589ed9\" style=\"background-color:#b68e48db\"><strong>Maquillage semi-permanent<\/strong><\/p>\n\n\n\n<p class=\"has-luminous-vivid-orange-color has-text-color has-link-color has-medium-font-size wp-elements-69679096f910556d6753abe69a8c6fc3\"><em><strong>Sourcils<\/strong><\/em><\/p>\n\n\n\n<ul class=\"wp-block-list\">\n<li>Effet poudr\u00e9 &#8230;&#8230;&#8230;&#8230;&#8230;&#8230;&#8230;&#8230;&#8230;&#8230;&#8230;&#8230;&#8230;&#8230;&#8230;&#8230;&#8230;&#8230;&#8230;&#8230;&#8230;. 300 \u20ac&nbsp;<\/li>\n\n\n\n<li>Ombrage et correction de la couleur &#8230;&#8230;&#8230;&#8230;&#8230;&#8230;&#8230;&#8230; 300 \u20ac&nbsp;<\/li>\n<\/ul>\n\n\n\n<p class=\"has-luminous-vivid-orange-color has-text-color has-link-color has-medium-font-size wp-elements-28c8b1e45326555c13981f53b5788280\"><em><strong>L\u00e8vres<\/strong><\/em><\/p>\n\n\n\n<ul class=\"wp-block-list\">\n<li>Illumination et correction de la couleur &#8230;&#8230;&#8230;3 s\u00e9ances &#8230;&#8230;&#8230; 500 \u20ac<\/li>\n\n\n\n<li>Effet glamour&#8230;&#8230;&#8230;&#8230;&#8230;&#8230;&#8230;&#8230;&#8230;&#8230;&#8230;&#8230;&#8230;&#8230;&#8230;&#8230;.. 2 s\u00e9ances &#8230;&#8230;&#8230; 500 \u20ac<\/li>\n\n\n\n<li>Effet naturel &#8230;&#8230;&#8230;&#8230;&#8230;&#8230;&#8230;&#8230;&#8230;&#8230;&#8230;&#8230;&#8230;&#8230;&#8230;&#8230;&#8230;.. 1 s\u00e9ance &#8230;&#8230;&#8230;. 250 \u20ac<br>(2 s\u00e9ances si la retouche est n\u00e9cessaire)<\/li>\n<\/ul>\n\n\n\n<p><\/p>\n\n\n\n<p class=\"has-black-color has-luminous-vivid-amber-background-color has-text-color has-background has-link-color has-small-font-size wp-elements-d48e94e1b095af0da8e9758de7207cc2\"><strong><mark style=\"background-color:rgba(0, 0, 0, 0)\" class=\"has-inline-color has-black-color\">Tarifs au 1<sup>er<\/sup> janvier 2025 &#8211; Contactez-nous pour conna\u00eetre l&rsquo;\u00e9volution des prix.<\/mark><\/strong><\/p>\n","protected":false},"excerpt":{"rendered":"<p>Soins du regard Maquillage semi-permanent Sourcils L\u00e8vres Tarifs au 1er janvier 2025 &#8211; Contactez-nous pour conna\u00eetre l&rsquo;\u00e9volution des prix.<\/p>\n","protected":false},"author":1,"featured_media":265,"parent":0,"menu_order":0,"comment_status":"closed","ping_status":"closed","template":"","meta":{"_monsterinsights_skip_tracking":false,"_monsterinsights_sitenote_active":false,"_monsterinsights_sitenote_note":"","_monsterinsights_sitenote_category":0,"_uf_show_specific_survey":0,"_uf_disable_surveys":false,"footnotes":""},"class_list":["post-175","page","type-page","status-publish","has-post-thumbnail","hentry"],"aioseo_notices":[],"_links":{"self":[{"href":"https:\/\/esthetiquekm.com\/index.php\/wp-json\/wp\/v2\/pages\/175","targetHints":{"allow":["GET"]}}],"collection":[{"href":"https:\/\/esthetiquekm.com\/index.php\/wp-json\/wp\/v2\/pages"}],"about":[{"href":"https:\/\/esthetiquekm.com\/index.php\/wp-json\/wp\/v2\/types\/page"}],"author":[{"embeddable":true,"href":"https:\/\/esthetiquekm.com\/index.php\/wp-json\/wp\/v2\/users\/1"}],"replies":[{"embeddable":true,"href":"https:\/\/esthetiquekm.com\/index.php\/wp-json\/wp\/v2\/comments?post=175"}],"version-history":[{"count":2,"href":"https:\/\/esthetiquekm.com\/index.php\/wp-json\/wp\/v2\/pages\/175\/revisions"}],"predecessor-version":[{"id":494,"href":"https:\/\/esthetiquekm.com\/index.php\/wp-json\/wp\/v2\/pages\/175\/revisions\/494"}],"wp:featuredmedia":[{"embeddable":true,"href":"https:\/\/esthetiquekm.com\/index.php\/wp-json\/wp\/v2\/media\/265"}],"wp:attachment":[{"href":"https:\/\/esthetiquekm.com\/index.php\/wp-json\/wp\/v2\/media?parent=175"}],"curies":[{"name":"wp","href":"https:\/\/api.w.org\/{rel}","templated":true}]}}