{"id":173,"date":"2024-01-08T11:07:12","date_gmt":"2024-01-08T10:07:12","guid":{"rendered":"https:\/\/esthetiquekm.com\/?page_id=173"},"modified":"2025-09-27T11:10:56","modified_gmt":"2025-09-27T09:10:56","slug":"soins-du-corps","status":"publish","type":"page","link":"https:\/\/esthetiquekm.com\/index.php\/soins-du-corps\/","title":{"rendered":"Soins du corps"},"content":{"rendered":"\n<p class=\"has-luminous-vivid-orange-color has-text-color has-link-color has-medium-font-size wp-elements-3df4900559a2ecb8d36a96493535bacc\"><em><strong><strong><em><strong><em>Endospheres Therapy\u00ae&nbsp;<\/em><\/strong><\/em><\/strong><\/strong><\/em><\/p>\n\n\n\n<p>La m\u00e9thode<em> Endospheres\u00ae <\/em>est bas\u00e9e sur la technologie brevet\u00e9e de <em>Microvibration Compressive<\/em> et est rapidement devenue synonyme de garantie dans le traitement des imperfections du corps et du visage. Le traitement peut en effet \u00eatre effectu\u00e9 sur toutes les zones du corps, m\u00eame celles qui sont habituellement plus difficiles \u00e0 atteindre, et <strong><mark style=\"background-color:rgba(0, 0, 0, 0);color:#248461\" class=\"has-inline-color\">ne pr\u00e9sente aucune contre-indication. <\/mark><\/strong><\/p>\n\n\n\n<ul class=\"wp-block-list\">\n<li>Sc\u00e9ance &#8230;&#8230;&#8230;&#8230;&#8230;&#8230;&#8230;&#8230;&#8230;&#8230;&#8230;&#8230;&#8230;&#8230;&#8230;&#8230; 30 min &#8230;.. 65 \u20ac <\/li>\n\n\n\n<li>Sc\u00e9ance &#8230;&#8230;&#8230;&#8230;&#8230;&#8230;&#8230;&#8230;&#8230;&#8230;&#8230;&#8230;&#8230;&#8230;&#8230;&#8230; 40 min &#8230;.. 80 \u20ac <\/li>\n\n\n\n<li>Sc\u00e9ance &#8230;&#8230;&#8230;&#8230;&#8230;&#8230;&#8230;&#8230;&#8230;&#8230;&#8230;&#8230;&#8230;&#8230;&#8230;&#8230; 60 min &#8230;. 120 \u20ac&nbsp;<\/li>\n\n\n\n<li>Bras &#8230;&#8230;&#8230;&#8230;&#8230;&#8230;&#8230;&#8230;&#8230;&#8230;&#8230;&#8230;&#8230;&#8230;&#8230;&#8230;&#8230;&#8230; 40 min &#8230;.. 70 \u20ac <\/li>\n\n\n\n<li>Ventre plat &#8230;&#8230;&#8230;&#8230;&#8230;&#8230;&#8230;&#8230;&#8230;&#8230;&#8230;&#8230;&#8230;&#8230;.. 60 min &#8230;. 120 \u20ac&nbsp;<\/li>\n<\/ul>\n\n\n\n<p>Embellissement des seins (anti-rides, rel\u00e2chement, tonification, raffermissement)<\/p>\n\n\n\n<ul class=\"wp-block-list\">\n<li>Sc\u00e9ance &#8230;&#8230;&#8230;&#8230;&#8230;&#8230;&#8230;&#8230;&#8230;&#8230;&#8230;&#8230;&#8230;&#8230;&#8230;.. 60 min &#8230;. 120 \u20ac&nbsp;<\/li>\n<\/ul>\n\n\n\n<p class=\"has-luminous-vivid-orange-color has-text-color has-link-color has-medium-font-size wp-elements-63f3be2daa133183d7665f8ececcc6cd\"><em><strong><strong><em><strong><em>S\u00e9ances Endospheres Therapy <\/em><\/strong><\/em><\/strong><\/strong><\/em>(ABONNEMENT)<\/p>\n\n\n\n<ul class=\"wp-block-list\">\n<li>12 s\u00e9ances&#8230;&#8230;&#8230;&#8230;&#8230;&#8230;&#8230;&#8230;&#8230;&#8230;&#8230;&#8230;&#8230;&#8230;. 40 min &#8230; 840 \u20ac <\/li>\n\n\n\n<li>12 s\u00e9ances&#8230;&#8230;&#8230;&#8230;&#8230;&#8230;&#8230;&#8230;&#8230;&#8230;&#8230;&#8230;&#8230;&#8230;. 60 min ..1280 \u20ac&nbsp;<\/li>\n<\/ul>\n\n\n\n<p><strong><a href=\"..\/endospheres-therapy-body\/\" title=\">> plus d&rsquo;infos <<\">&gt;&gt; <mark style=\"background-color:rgba(0, 0, 0, 0)\" class=\"has-inline-color has-vivid-red-color\">plus d&rsquo;infos<\/mark> &lt;&lt;<\/a><\/strong><\/p>\n\n\n\n<p class=\"has-luminous-vivid-orange-color has-text-color has-link-color has-medium-font-size wp-elements-888da2aec85d708c68c63ee219407ee2\"><strong><em><strong><em>Miha Bodytec  <\/em><\/strong><\/em><\/strong>(electro stimulation&nbsp;m\u00e9dicale)<\/p>\n\n\n\n<p>L&rsquo;\u00e9lectromyostimulation est une m\u00e9thode d&rsquo;entra\u00eenement du corps entier qui combine l&rsquo;activation \u00e9lectrique des fibres musculaires avec des exercices simples et cibl\u00e9s de musculation. Utilisant un \u00e9quipement m\u00e9dicalement certifi\u00e9, elle s&rsquo;effectue sous la direction et l&rsquo;instruction d&rsquo;un superviseur form\u00e9, avec un accent clairement d\u00e9fini sur la pr\u00e9vention et la th\u00e9rapie.<\/p>\n\n\n\n<ul class=\"wp-block-list\">\n<li>Sc\u00e9ance &#8230;&#8230;&#8230;&#8230;&#8230;&#8230;&#8230;&#8230;&#8230;&#8230;&#8230;&#8230;&#8230;&#8230;&#8230;.. 30 min &#8230;.. 50 \u20ac<\/li>\n\n\n\n<li>12 s\u00e9ances&#8230;&#8230;&#8230;&#8230;&#8230;&#8230;&#8230;&#8230;&#8230;&#8230;&#8230;&#8230;&#8230;&#8230;. 30 min &#8230; 360 \u20ac&nbsp;<\/li>\n<\/ul>\n\n\n\n<p class=\"has-luminous-vivid-orange-color has-text-color has-link-color has-medium-font-size wp-elements-8ad259283ecfa161c9bc6138885e39da\"><strong><em>Pressoth\u00e9rapie<\/em><\/strong><\/p>\n\n\n\n<p>La pressoth\u00e9rapie&nbsp;reprend le principe du drainage lymphatique, c\u2019est une technique de massage sous pression qui stimule la circulation sanguine et lymphatique. Elle est indiqu\u00e9e pour traiter la r\u00e9tention d\u2019eau, les jambes lourdes, la cellulite, les douleurs musculaires et articulaires.<\/p>\n\n\n\n<ul class=\"wp-block-list\">\n<li>Jambes l\u00e9g\u00e8res &#8230;&#8230;&#8230;&#8230;&#8230;&#8230;&#8230;&#8230;&#8230;&#8230;&#8230;&#8230; 30 min &#8230;.. 50 \u20ac<\/li>\n\n\n\n<li>Massage amincissant &#8230;&#8230;&#8230;&#8230;&#8230;&#8230;&#8230;&#8230;1h20 min &#8230;.130 \u20ac&nbsp;<\/li>\n<\/ul>\n\n\n\n<p class=\"has-white-color has-text-color has-background has-link-color has-medium-font-size wp-elements-29bf592fe7de64f3594cf2d4b24ed744\" style=\"background-color:#b68e48db\"><strong>\u00c9pilation<\/strong><\/p>\n\n\n\n<ul class=\"wp-block-list\">\n<li>L\u00e8vres sup\u00e9rieures&#8230;. 20 \u20ac&nbsp;<\/li>\n\n\n\n<li>Aisselles &#8230;&#8230;&#8230;&#8230;&#8230;&#8230;&#8230;25 \u20ac <\/li>\n\n\n\n<li>Maillot classique &#8230;&#8230;. 35 \u20ac <\/li>\n\n\n\n<li>Maillot \u00e9chancr\u00e9 &#8230;&#8230; 50 \u20ac <\/li>\n\n\n\n<li>Maillot int\u00e9gral &#8230;&#8230;&#8230;. 60 \u20ac <\/li>\n\n\n\n<li>Demi-jambes&#8230;&#8230;&#8230;&#8230;. 40 \u20ac&nbsp;<\/li>\n\n\n\n<li>Jambes enti\u00e8res&#8230;&#8230;.. 60 \u20ac <\/li>\n<\/ul>\n\n\n\n<p><\/p>\n\n\n\n<p class=\"has-black-color has-luminous-vivid-amber-background-color has-text-color has-background has-link-color has-small-font-size wp-elements-d48e94e1b095af0da8e9758de7207cc2\"><strong><mark style=\"background-color:rgba(0, 0, 0, 0)\" class=\"has-inline-color has-black-color\">Tarifs au 1<sup>er<\/sup> janvier 2025 &#8211; Contactez-nous pour conna\u00eetre l&rsquo;\u00e9volution des prix.<\/mark><\/strong><\/p>\n\n\n\n<p><\/p>\n","protected":false},"excerpt":{"rendered":"<p>Endospheres Therapy\u00ae&nbsp; La m\u00e9thode Endospheres\u00ae est bas\u00e9e sur la technologie brevet\u00e9e de Microvibration Compressive et est rapidement devenue synonyme de garantie dans le traitement des imperfections du corps et du &hellip; <\/p>\n","protected":false},"author":1,"featured_media":263,"parent":0,"menu_order":0,"comment_status":"closed","ping_status":"closed","template":"","meta":{"_monsterinsights_skip_tracking":false,"_monsterinsights_sitenote_active":false,"_monsterinsights_sitenote_note":"","_monsterinsights_sitenote_category":0,"_uf_show_specific_survey":0,"_uf_disable_surveys":false,"footnotes":""},"class_list":["post-173","page","type-page","status-publish","has-post-thumbnail","hentry"],"aioseo_notices":[],"_links":{"self":[{"href":"https:\/\/esthetiquekm.com\/index.php\/wp-json\/wp\/v2\/pages\/173","targetHints":{"allow":["GET"]}}],"collection":[{"href":"https:\/\/esthetiquekm.com\/index.php\/wp-json\/wp\/v2\/pages"}],"about":[{"href":"https:\/\/esthetiquekm.com\/index.php\/wp-json\/wp\/v2\/types\/page"}],"author":[{"embeddable":true,"href":"https:\/\/esthetiquekm.com\/index.php\/wp-json\/wp\/v2\/users\/1"}],"replies":[{"embeddable":true,"href":"https:\/\/esthetiquekm.com\/index.php\/wp-json\/wp\/v2\/comments?post=173"}],"version-history":[{"count":9,"href":"https:\/\/esthetiquekm.com\/index.php\/wp-json\/wp\/v2\/pages\/173\/revisions"}],"predecessor-version":[{"id":493,"href":"https:\/\/esthetiquekm.com\/index.php\/wp-json\/wp\/v2\/pages\/173\/revisions\/493"}],"wp:featuredmedia":[{"embeddable":true,"href":"https:\/\/esthetiquekm.com\/index.php\/wp-json\/wp\/v2\/media\/263"}],"wp:attachment":[{"href":"https:\/\/esthetiquekm.com\/index.php\/wp-json\/wp\/v2\/media?parent=173"}],"curies":[{"name":"wp","href":"https:\/\/api.w.org\/{rel}","templated":true}]}}