{"id":159,"date":"2024-01-05T15:09:03","date_gmt":"2024-01-05T14:09:03","guid":{"rendered":"https:\/\/esthetiquekm.com\/?page_id=159"},"modified":"2025-01-29T16:55:58","modified_gmt":"2025-01-29T15:55:58","slug":"contact","status":"publish","type":"page","link":"https:\/\/esthetiquekm.com\/index.php\/contact\/","title":{"rendered":"Rendez-vous chez nous"},"content":{"rendered":"\n<h2 class=\"wp-block-heading has-text-align-center has-large-font-size\"><em><mark style=\"background-color:rgba(0, 0, 0, 0)\" class=\"has-inline-color has-luminous-vivid-orange-color\">Institut M\u00e9decine Esth\u00e9tique Kristina Meyer <\/mark><\/em><\/h2>\n\n\n\n<p class=\"has-text-align-center has-medium-font-size\">3, rue de Buci, Paris 6<sup>e<\/sup><\/p>\n\n\n\n<p class=\"has-text-align-center\"><strong>Ouvert du lundi au dimanche, de 8h \u00e0 22h <br><mark style=\"background-color:rgba(0, 0, 0, 0)\" class=\"has-inline-color has-luminous-vivid-orange-color\">uniquement sur rendez-vous :<\/mark><\/strong><br>au <strong><mark style=\"background-color:rgba(0, 0, 0, 0);color:#247a5a\" class=\"has-inline-color\">01 46 34 15 10<\/mark><\/strong> <mark style=\"background-color:rgba(0, 0, 0, 0)\" class=\"has-inline-color has-black-color\">ou<\/mark> <strong><mark style=\"background-color:rgba(0, 0, 0, 0);color:#247a5a\" class=\"has-inline-color\">06 73 60 90 67<\/mark><\/strong><\/p>\n\n\n\n<p class=\"has-text-align-center\">Pour r\u00e9server quand vous le souhaitez, nous vous demanderons <strong><em>un acompte de 10%<\/em><\/strong> <br>de la prestation r\u00e9serv\u00e9e pour vous. Merci de votre compr\u00e9hension.<\/p>\n\n\n\n<p class=\"has-text-align-center\"><strong><mark style=\"background-color:rgba(0, 0, 0, 0)\" class=\"has-inline-color has-luminous-vivid-orange-color\">ou directement sur <a href=\"https:\/\/www.planity.com\/km-institut-cristina-meyer-medecine-esthetique-75006-paris\" target=\"_blank\" rel=\"noopener\" title=\"\">Planity<\/a> <\/mark><\/strong><br>pour planifier votre rendez-vous et choisir votre cr\u00e9neau horaire disponible.<\/p>\n\n\n\n<div class=\"wp-block-group is-nowrap is-layout-flex wp-container-core-group-is-layout-ad2f72ca wp-block-group-is-layout-flex\">\n<figure data-wp-context=\"{&quot;imageId&quot;:&quot;69e26c0488726&quot;}\" data-wp-interactive=\"core\/image\" data-wp-key=\"69e26c0488726\" class=\"wp-block-image size-full is-resized is-style-default wp-container-content-9cfa9a5a wp-lightbox-container\"><img loading=\"lazy\" decoding=\"async\" width=\"960\" height=\"732\" data-wp-class--hide=\"state.isContentHidden\" data-wp-class--show=\"state.isContentVisible\" data-wp-init=\"callbacks.setButtonStyles\" data-wp-on--click=\"actions.showLightbox\" data-wp-on--load=\"callbacks.setButtonStyles\" data-wp-on-window--resize=\"callbacks.setButtonStyles\" src=\"https:\/\/esthetiquekm.com\/wp-content\/uploads\/2024\/01\/Map_Google_KM-Institut.jpg\" alt=\"\" class=\"wp-image-205\" style=\"width:757px;height:auto\" srcset=\"https:\/\/esthetiquekm.com\/wp-content\/uploads\/2024\/01\/Map_Google_KM-Institut.jpg 960w, https:\/\/esthetiquekm.com\/wp-content\/uploads\/2024\/01\/Map_Google_KM-Institut-300x229.jpg 300w, https:\/\/esthetiquekm.com\/wp-content\/uploads\/2024\/01\/Map_Google_KM-Institut-768x586.jpg 768w, https:\/\/esthetiquekm.com\/wp-content\/uploads\/2024\/01\/Map_Google_KM-Institut-79x60.jpg 79w, https:\/\/esthetiquekm.com\/wp-content\/uploads\/2024\/01\/Map_Google_KM-Institut-110x83.jpg 110w\" sizes=\"auto, (max-width: 960px) 100vw, 960px\" \/><button\n\t\t\tclass=\"lightbox-trigger\"\n\t\t\ttype=\"button\"\n\t\t\taria-haspopup=\"dialog\"\n\t\t\taria-label=\"Agrandir\"\n\t\t\tdata-wp-init=\"callbacks.initTriggerButton\"\n\t\t\tdata-wp-on--click=\"actions.showLightbox\"\n\t\t\tdata-wp-style--right=\"state.imageButtonRight\"\n\t\t\tdata-wp-style--top=\"state.imageButtonTop\"\n\t\t>\n\t\t\t<svg xmlns=\"http:\/\/www.w3.org\/2000\/svg\" width=\"12\" height=\"12\" fill=\"none\" viewBox=\"0 0 12 12\">\n\t\t\t\t<path fill=\"#fff\" d=\"M2 0a2 2 0 0 0-2 2v2h1.5V2a.5.5 0 0 1 .5-.5h2V0H2Zm2 10.5H2a.5.5 0 0 1-.5-.5V8H0v2a2 2 0 0 0 2 2h2v-1.5ZM8 12v-1.5h2a.5.5 0 0 0 .5-.5V8H12v2a2 2 0 0 1-2 2H8Zm2-12a2 2 0 0 1 2 2v2h-1.5V2a.5.5 0 0 0-.5-.5H8V0h2Z\" \/>\n\t\t\t<\/svg>\n\t\t<\/button><figcaption class=\"wp-element-caption\">3, rue de Buci, Paris 6<sup>e<\/sup> \/ M\u00e9tro Od\u00e9on (6 \u2013 10), Mabillon (10), Bus (58 \u2013 70)<br><a href=\"https:\/\/www.google.fr\/maps\/@48.853637,2.3381905,20z?entry=ttu\" title=\"\">https:\/\/www.google.fr\/maps\/@48.853637,2.3381905,20z<\/a><\/figcaption><\/figure>\n<\/div>\n\n\n\n<p><\/p>\n","protected":false},"excerpt":{"rendered":"<p>Institut M\u00e9decine Esth\u00e9tique Kristina Meyer 3, rue de Buci, Paris 6e Ouvert du lundi au dimanche, de 8h \u00e0 22h uniquement sur rendez-vous :au 01 46 34 15 10 ou &hellip; <\/p>\n","protected":false},"author":1,"featured_media":250,"parent":0,"menu_order":0,"comment_status":"closed","ping_status":"closed","template":"","meta":{"_monsterinsights_skip_tracking":false,"_monsterinsights_sitenote_active":false,"_monsterinsights_sitenote_note":"","_monsterinsights_sitenote_category":0,"_uf_show_specific_survey":0,"_uf_disable_surveys":false,"footnotes":""},"class_list":["post-159","page","type-page","status-publish","has-post-thumbnail","hentry"],"aioseo_notices":[],"_links":{"self":[{"href":"https:\/\/esthetiquekm.com\/index.php\/wp-json\/wp\/v2\/pages\/159","targetHints":{"allow":["GET"]}}],"collection":[{"href":"https:\/\/esthetiquekm.com\/index.php\/wp-json\/wp\/v2\/pages"}],"about":[{"href":"https:\/\/esthetiquekm.com\/index.php\/wp-json\/wp\/v2\/types\/page"}],"author":[{"embeddable":true,"href":"https:\/\/esthetiquekm.com\/index.php\/wp-json\/wp\/v2\/users\/1"}],"replies":[{"embeddable":true,"href":"https:\/\/esthetiquekm.com\/index.php\/wp-json\/wp\/v2\/comments?post=159"}],"version-history":[{"count":34,"href":"https:\/\/esthetiquekm.com\/index.php\/wp-json\/wp\/v2\/pages\/159\/revisions"}],"predecessor-version":[{"id":472,"href":"https:\/\/esthetiquekm.com\/index.php\/wp-json\/wp\/v2\/pages\/159\/revisions\/472"}],"wp:featuredmedia":[{"embeddable":true,"href":"https:\/\/esthetiquekm.com\/index.php\/wp-json\/wp\/v2\/media\/250"}],"wp:attachment":[{"href":"https:\/\/esthetiquekm.com\/index.php\/wp-json\/wp\/v2\/media?parent=159"}],"curies":[{"name":"wp","href":"https:\/\/api.w.org\/{rel}","templated":true}]}}